{"id":3288,"date":"2019-09-18T12:46:31","date_gmt":"2019-09-18T12:46:31","guid":{"rendered":"https:\/\/www.cnfigueres.cat\/?page_id=3288"},"modified":"2021-02-01T21:51:02","modified_gmt":"2021-02-01T21:51:02","slug":"reculls-de-premsa-temporada-2019-20","status":"publish","type":"page","link":"https:\/\/www.cnfigueres.cat\/index.php\/reculls-de-premsa-temporada-2019-20\/","title":{"rendered":"Premsa 2019-2020"},"content":{"rendered":"\n<div class=\"wp-block-group\"><div class=\"wp-block-group__inner-container is-layout-flow wp-block-group-is-layout-flow\">\n<hr>\n<p style=\"text-align: center;\"><span style=\"color: #000080;\"><strong>TEMPORADA 2019\/2020:<\/strong><\/span><\/p>\n<p>Aquesta temporada tamb\u00e9 podreu escoltar en directe la cr\u00f2nica de les competicions de cada cap de setmana, cada dilluns al programa <em><strong>Fem Campana<\/strong><\/em> de 17.00 a 19.00 hores de <a href=\"https:\/\/www.radiovilafant.net\/\" target=\"_blank\" rel=\"noopener noreferrer\">Radio Vilafant<\/a>.<\/p>\n<p><strong>Data&nbsp; &nbsp; &nbsp; &nbsp; &nbsp; &nbsp; &nbsp; &nbsp; &nbsp; &nbsp; &nbsp; &nbsp; &nbsp;Mitj\u00e0&nbsp; &nbsp; &nbsp; &nbsp; &nbsp; &nbsp; &nbsp; &nbsp; &nbsp; &nbsp; Titular i enlla\u00e7<\/strong><\/p>\n<hr>\n<p>17\/09\/2019&nbsp; &nbsp; &nbsp; &nbsp; &nbsp; &nbsp; &nbsp; Hora Nova&nbsp; &nbsp; &nbsp; &nbsp; &nbsp; &nbsp; &nbsp;<a href=\"https:\/\/www.cnfigueres.cat\/wp-content\/uploads\/2019\/09\/20190918_071510.jpg\" target=\"_blank\" rel=\"noopener noreferrer\">El Figueres inicia la temporada amb bona nota<\/a><\/p>\n<hr>\n<p>17\/09\/2019&nbsp; &nbsp; &nbsp; &nbsp; &nbsp; &nbsp; &nbsp; Empord\u00e0&nbsp; &nbsp; &nbsp; &nbsp; &nbsp; &nbsp; &nbsp; &nbsp; <a href=\"https:\/\/www.cnfigueres.cat\/wp-content\/uploads\/2019\/09\/20190918_071432.jpg\" target=\"_blank\" rel=\"noopener noreferrer\">El Club Nataci\u00f3 Figueres engega motors per a un nou curs<\/a><\/p>\n<hr>\n<p>1\/10\/2019&nbsp; &nbsp; &nbsp; &nbsp; &nbsp; &nbsp; &nbsp; &nbsp; &nbsp;Empord\u00e0&nbsp; &nbsp; &nbsp; &nbsp; &nbsp; &nbsp; &nbsp; &nbsp;<a href=\"https:\/\/www.cnfigueres.cat\/wp-content\/uploads\/2019\/10\/20191001_133944.jpg\">Entrevista H\u00e9ctor Ruiz P\u00e9rez \u00abSeria interessant pujar en el r\u00e0nquing catal\u00e0\u00bb<\/a><\/p>\n<hr>\n<p>8\/10\/2019&nbsp; &nbsp; &nbsp; &nbsp; &nbsp; &nbsp; &nbsp; &nbsp; Hora Nova&nbsp; &nbsp; &nbsp; &nbsp; &nbsp; &nbsp; &nbsp;<a href=\"https:\/\/www.cnfigueres.cat\/wp-content\/uploads\/2019\/10\/20191009_152504.jpg\" target=\"_blank\" rel=\"noopener noreferrer\">El Figueres comen\u00e7a la temporada a casa<\/a><\/p>\n<hr>\n<p>8\/10\/2019&nbsp; &nbsp; &nbsp; &nbsp; &nbsp; &nbsp; &nbsp; &nbsp;Empord\u00e0&nbsp; &nbsp; &nbsp; &nbsp; &nbsp; &nbsp; &nbsp; &nbsp; &nbsp;<a href=\"https:\/\/www.cnfigueres.cat\/wp-content\/uploads\/2019\/10\/20191009_152417.jpg\" target=\"_blank\" rel=\"noopener noreferrer\">Comen\u00e7ament de curs per al CN Figueres<\/a><\/p>\n<hr>\n<p>22\/10\/2019&nbsp; &nbsp; &nbsp; &nbsp; &nbsp; &nbsp; &nbsp;Hora Nova&nbsp; &nbsp; &nbsp; &nbsp; &nbsp; &nbsp; &nbsp;<a href=\"https:\/\/www.cnfigueres.cat\/wp-content\/uploads\/2019\/10\/20191023_120653.jpg\" target=\"_blank\" rel=\"noopener noreferrer\"> Els alevins del Figueres comencen amb nota<\/a><\/p>\n<hr>\n<p>22\/10\/2019&nbsp; &nbsp; &nbsp; &nbsp; &nbsp; &nbsp; &nbsp; Empord\u00e0&nbsp; &nbsp; &nbsp; &nbsp; &nbsp; &nbsp; &nbsp; &nbsp; <a href=\"https:\/\/www.cnfigueres.cat\/wp-content\/uploads\/2019\/10\/20191023_120855.jpg\" target=\"_blank\" rel=\"noopener noreferrer\">Comencen els alevins de Figueres i Rose<\/a>s<\/p>\n<hr>\n<p>29\/10\/2019&nbsp; &nbsp; &nbsp; &nbsp; &nbsp; &nbsp; &nbsp; Hora Nova&nbsp; &nbsp; &nbsp; &nbsp; &nbsp; &nbsp; &nbsp;<a href=\"https:\/\/www.cnfigueres.cat\/wp-content\/uploads\/2019\/10\/20191029_090744.jpg\" target=\"_blank\" rel=\"noopener noreferrer\">Els menuts del Figueres i el GEN, a Platja d&#8217;Aro<\/a><\/p>\n<hr>\n<p>05\/11\/2019&nbsp; &nbsp; &nbsp; &nbsp; &nbsp; &nbsp; &nbsp; Empord\u00e0&nbsp; &nbsp; &nbsp; &nbsp; &nbsp; &nbsp; &nbsp; &nbsp; &nbsp;<a href=\"https:\/\/www.cnfigueres.cat\/wp-content\/uploads\/2019\/11\/20191105_141236.jpg\" target=\"_blank\" rel=\"noopener noreferrer\">Figueres i Roses participen a Girona<\/a><\/p>\n<hr>\n<p>05\/11\/2019&nbsp; &nbsp; &nbsp; &nbsp; &nbsp; &nbsp; &nbsp; Hora Nova&nbsp; &nbsp; &nbsp; &nbsp; &nbsp; &nbsp; &nbsp; <a href=\"https:\/\/www.cnfigueres.cat\/wp-content\/uploads\/2019\/11\/20191105_141154.jpg\" target=\"_blank\" rel=\"noopener noreferrer\">Bot\u00ed del Figueres i marques del GEN&nbsp; a Girona<\/a><\/p>\n<hr>\n<p>12\/11\/2019&nbsp; &nbsp; &nbsp; &nbsp; &nbsp; &nbsp; &nbsp; Hora Nova&nbsp; &nbsp; &nbsp; &nbsp; &nbsp; &nbsp; &nbsp; <a href=\"https:\/\/www.cnfigueres.cat\/wp-content\/uploads\/2019\/11\/20191112_193758.jpg\" target=\"_blank\" rel=\"noopener noreferrer\">El Figueres firma una bona jornada entre Banyoles i Santa Coloma<\/a><\/p>\n<hr>\n<p>19\/11\/2019&nbsp; &nbsp; &nbsp; &nbsp; &nbsp; &nbsp; &nbsp; Empord\u00e0&nbsp; &nbsp; &nbsp; &nbsp; &nbsp; &nbsp; &nbsp; &nbsp; &nbsp;<a href=\"https:\/\/www.cnfigueres.cat\/wp-content\/uploads\/2019\/11\/20191120_103119.jpg\" target=\"_blank\" rel=\"noopener noreferrer\">El CN Figueres visita les instal\u00b7lacions del GEN ROSES<\/a><\/p>\n<hr>\n<p>19\/11\/2019&nbsp; &nbsp; &nbsp; &nbsp; &nbsp; &nbsp; &nbsp; Hora Nova&nbsp; &nbsp; &nbsp; &nbsp; &nbsp; &nbsp; &nbsp; <a href=\"https:\/\/www.cnfigueres.cat\/wp-content\/uploads\/2019\/11\/20191120_103036.jpg\" target=\"_blank\" rel=\"noopener noreferrer\">Roses acull la segona jornada lliguera<\/a><\/p>\n<hr>\n<p>26\/11\/2019&nbsp;&nbsp;&nbsp;&nbsp;&nbsp;&nbsp;&nbsp;&nbsp;&nbsp;&nbsp;&nbsp;&nbsp;&nbsp; Empord\u00e0&nbsp;&nbsp;&nbsp;&nbsp;&nbsp;&nbsp;&nbsp;&nbsp;&nbsp;&nbsp;&nbsp;&nbsp;&nbsp;&nbsp;&nbsp;&nbsp; <a href=\"https:\/\/www.cnfigueres.cat\/wp-content\/uploads\/2019\/11\/20191127_202058-scaled.jpg\">El Figueres obt\u00e9 sis medalles al&nbsp; trofeu Ra\u00fcl Ramos<\/a><\/p>\n<hr>\n<p>26\/11\/2019&nbsp;&nbsp;&nbsp;&nbsp;&nbsp;&nbsp;&nbsp;&nbsp;&nbsp;&nbsp;&nbsp;&nbsp;&nbsp; Hora Nova&nbsp;&nbsp;&nbsp;&nbsp;&nbsp;&nbsp;&nbsp;&nbsp;&nbsp;&nbsp;&nbsp;&nbsp;&nbsp; <a href=\"https:\/\/www.cnfigueres.cat\/wp-content\/uploads\/2019\/11\/IMG-20191127-WA0003.jpg\" target=\"_blank\" rel=\"noopener noreferrer\">El Figueres i el GEN destaquen a Olot i Lloret<\/a><\/p>\n<hr>\n<\/div><\/div>\n\n\n\n<p>03\/12\/2019                                                    Empord\u00e0                                       <a href=\"https:\/\/www.cnfigueres.cat\/wp-content\/uploads\/2019\/12\/20191203_221008-1.jpg\">El Figueres rebaixa marques a Matar\u00f3<\/a><\/p>\n\n\n\n<hr class=\"wp-block-separator is-style-wide\"\/>\n\n\n\n<p>03\/12\/2019              Hora Nova               <a href=\"https:\/\/www.cnfigueres.cat\/wp-content\/uploads\/2019\/12\/20191203_220944.jpg\" target=\"_blank\" rel=\"noreferrer noopener\" aria-label=\" (s'obre en una nova pestanya)\">Sergi Lle\u00f3, m\u00ednima estatal en els 1.500m<\/a><\/p>\n\n\n\n<hr class=\"wp-block-separator\"\/>\n\n\n\n<p>17\/12\/2019              Hora Nova               <a href=\"https:\/\/www.cnfigueres.cat\/wp-content\/uploads\/2019\/12\/20191218_122957-1.jpg\">El Figueres clou el campionat catal\u00e0 amb grans resultats i m\u00ednimes estatals.<\/a><\/p>\n\n\n\n<hr class=\"wp-block-separator\"\/>\n\n\n\n<p>31\/12\/2019               Hora Nova              <a rel=\"noreferrer noopener\" aria-label=\"Tirar-se a la piscina (s'obre en una nova pestanya)\" href=\"https:\/\/www.horanova.cat\/tirar-se-a-la-piscina\/?fbclid=IwAR1cOKP5jUUSL7Oq0XQRXCTqzbnyXBT4JAUyLLpdd3XiJk9VZQTRWxVGvGI\" target=\"_blank\">Tirar-se a la piscina<\/a><\/p>\n\n\n\n<hr class=\"wp-block-separator\"\/>\n\n\n\n<p>2\/01\/2020                 Empord\u00e0                 <a rel=\"noreferrer noopener\" aria-label=\"El Club Nataci\u00f3 Figueres competeix en el trofeu alev\u00ed de Reis de Barcelona (s'obre en una nova pestanya)\" href=\"https:\/\/www.emporda.info\/esports\/2020\/01\/02\/club-natacio-figueres-competeix-trofeu\/453888.html?fbclid=IwAR0aQNCCRxsrNjYms0Yn9pOODu1_BR4XTxkeY1QVxP-kTND5vQ3MiXQ12XQ\" target=\"_blank\">El Club Nataci\u00f3 Figueres competeix en el trofeu alev\u00ed de Reis de Barcelona<\/a><\/p>\n\n\n\n<hr class=\"wp-block-separator\"\/>\n\n\n\n<p>3\/01\/2020                 Hora Nova              <a rel=\"noreferrer noopener\" aria-label=\" (s'obre en una nova pestanya)\" href=\"https:\/\/www.emporda.info\/esports\/2020\/01\/02\/club-natacio-figueres-competeix-trofeu\/453888.html?fbclid=IwAR0aQNCCRxsrNjYms0Yn9pOODu1_BR4XTxkeY1QVxP-kTND5vQ3MiXQ12XQ\" target=\"_blank\">H\u00e9ctor Ruiz: \u2018Les tracto exactament igual que als altres, s\u00f3n tant o m\u00e9s v\u00e0lides que qualsevol\u2019<\/a><\/p>\n\n\n\n<hr class=\"wp-block-separator\"\/>\n\n\n\n<p>7\/01\/2020                Empord\u00e0                   <a href=\"https:\/\/www.cnfigueres.cat\/wp-content\/uploads\/2020\/04\/emporda-7-gen.jpg\" target=\"_blank\" rel=\"noreferrer noopener\" aria-label=\"Els  alevins del CN Figueres, al Trofeu de Reis (s'obre en una nova pestanya)\">Els  alevins del CN Figueres, al Trofeu de Reis<\/a><\/p>\n\n\n\n<hr class=\"wp-block-separator\"\/>\n\n\n\n<p>7\/01\/2020                Hora Nova                 <a rel=\"noreferrer noopener\" aria-label=\"Representaci\u00f3 local al Trofeu de Reis de Barcelona (s'obre en una nova pestanya)\" href=\"https:\/\/www.cnfigueres.cat\/wp-content\/uploads\/2020\/04\/emporda-7-gener.jpg\" target=\"_blank\">Representaci\u00f3 local al Trofeu de Reis de Barcelona<\/a><\/p>\n\n\n\n<hr class=\"wp-block-separator\"\/>\n\n\n\n<p>14\/01\/2020              Hora Nova                 <a rel=\"noreferrer noopener\" aria-label=\"El Figueres obt\u00e9 bons resultats a les piscines de Girona i Lloret  (s'obre en una nova pestanya)\" href=\"https:\/\/www.cnfigueres.cat\/wp-content\/uploads\/2020\/04\/lloret-3inf.jpg\" target=\"_blank\">El Figueres obt\u00e9 bons resultats a les piscines de Girona i Lloret <\/a><\/p>\n\n\n\n<hr class=\"wp-block-separator\"\/>\n\n\n\n<p>15\/01\/2020               Empord\u00e0                   <a rel=\"noreferrer noopener\" aria-label=\"Set nedadors del CN Figueres competeixen en els campionats de fons i indoor (s'obre en una nova pestanya)\" href=\"https:\/\/www.emporda.info\/esports\/2020\/01\/15\/set-nedadors-del-cn-figueres\/454933.html?fbclid=IwAR3EZY3BdACEYkMZx69WMzEtrMwISQ_fgpE7a0YyZinDl_SiAOH4bmL9cxo\" target=\"_blank\">Set nedadors del CN Figueres competeixen en els campionats de fons i indoor<\/a><\/p>\n\n\n\n<hr class=\"wp-block-separator\"\/>\n\n\n\n<p>28\/01\/2020               Empord\u00e0                   <a href=\"https:\/\/www.cnfigueres.cat\/wp-content\/uploads\/2020\/03\/EM-29-GENER.jpg\" target=\"_blank\" rel=\"noreferrer noopener\" aria-label=\"4\u00aaJornada Benjamina i 2\u00aa prebenjamina a Farners (s'obre en una nova pestanya)\">4\u00aaJornada Benjamina i 2\u00aa prebenjamina a Farners<\/a><\/p>\n\n\n\n<hr class=\"wp-block-separator\"\/>\n\n\n\n<p>28\/01\/2020               Hora Nova                <a rel=\"noreferrer noopener\" aria-label=\"El Figueres i el GEN a Santa Coloma (s'obre en una nova pestanya)\" href=\"https:\/\/www.cnfigueres.cat\/wp-content\/uploads\/2020\/03\/HN\u00c7-29-GENER.jpg\" target=\"_blank\">El Figueres i el GEN a Santa Coloma<\/a><\/p>\n\n\n\n<hr class=\"wp-block-separator\"\/>\n\n\n\n<p>5\/02\/2020                  Empord\u00e0                  <a rel=\"noreferrer noopener\" aria-label=\"El CN Figueres suma nou medalles a Lloret (s'obre en una nova pestanya)\" href=\"https:\/\/www.emporda.info\/esports\/2020\/02\/05\/cn-figueres-suma-nou-medalles\/456778.html?fbclid=IwAR35Ybl2-Q0yqkwjsrl218ljnfCjpqI4cm-R0Y7XDfGW94t2xlvRPiMD6x0\" target=\"_blank\">El CN Figueres suma nou medalles a Lloret<\/a><\/p>\n\n\n\n<hr class=\"wp-block-separator\"\/>\n\n\n\n<p>6\/02\/2020                   Empord\u00e0                  <a rel=\"noreferrer noopener\" aria-label=\"Els alevins del Club Nataci\u00f3 Figueres, en el Campionat de Catalunya d'hivern (s'obre en una nova pestanya)\" href=\"https:\/\/www.emporda.info\/esports\/2020\/02\/06\/alevins-del-club-natacio-figueres\/456850.html?fbclid=IwAR1LlU282ds9KevaCJbDH2DRPqAVEszzl2aZEgRR5od2Kx7CYT4B2Qpd_1Q\" target=\"_blank\">Els alevins del Club Nataci\u00f3 Figueres, en el Campionat de Catalunya d&#8217;hivern<\/a><\/p>\n\n\n\n<hr class=\"wp-block-separator\"\/>\n\n\n\n<p>11\/02\/2020               Empord\u00e0                  <a href=\"https:\/\/www.cnfigueres.cat\/wp-content\/uploads\/2020\/03\/EM-11-FEBRER.jpg\" target=\"_blank\" rel=\"noreferrer noopener\" aria-label=\"Els alevins del Figueres se superen en els campionats d'hivern (s'obre en una nova pestanya)\">Els alevins del Figueres se superen en els campionats d&#8217;hivern<\/a><\/p>\n\n\n\n<hr class=\"wp-block-separator\"\/>\n\n\n\n<p>11\/02\/2020                Hora Nova              <a rel=\"noreferrer noopener\" aria-label=\"Els alevins del Figueres i GEN Roses destaquen al Bages (s'obre en una nova pestanya)\" href=\"https:\/\/www.cnfigueres.cat\/wp-content\/uploads\/2020\/03\/HN-11-FEBRER.jpg\" target=\"_blank\">Els alevins del Figueres i GEN Roses destaquen al Bages<\/a><\/p>\n\n\n\n<hr class=\"wp-block-separator\"\/>\n\n\n\n<p>18\/02\/2020                 Empord\u00e0                 <a rel=\"noreferrer noopener\" aria-label=\"Bona actuaci\u00f3 del CN Figueres al Pla de l'Estany     (s'obre en una nova pestanya)\" href=\"https:\/\/www.cnfigueres.cat\/wp-content\/uploads\/2020\/03\/EM-18-FEBRER.jpg\" target=\"_blank\">Bona actuaci\u00f3 del CN Figueres al Pla de l&#8217;Estany    <\/a><\/p>\n\n\n\n<hr class=\"wp-block-separator\"\/>\n\n\n\n<p>18\/02\/2020                 Hora Nova             <a rel=\"noreferrer noopener\" aria-label=\" Els Joves valors del Figueres i el GEN Roses evolucionen a Banyoles (s'obre en una nova pestanya)\" href=\"https:\/\/www.cnfigueres.cat\/wp-content\/uploads\/2020\/03\/HN-18-FEBRER.jpg\" target=\"_blank\"> Els Joves valors del Figueres i el GEN Roses evolucionen a Banyoles<\/a><\/p>\n\n\n\n<hr class=\"wp-block-separator\"\/>\n\n\n\n<p>25\/02\/2020                  Empord\u00e0               <a href=\"https:\/\/www.cnfigueres.cat\/wp-content\/uploads\/2020\/03\/20200225_143530-scaled.jpg\" target=\"_blank\" rel=\"noreferrer noopener\" aria-label=\"Vuit medalles per al Figueres al Tresserres de Banyoles (s'obre en una nova pestanya)\">Vuit medalles per al Figueres al Tresserres de Banyoles<\/a><\/p>\n\n\n\n<hr class=\"wp-block-separator\"\/>\n\n\n\n<p>25\/02\/2020                   Hora Nova           <a rel=\"noreferrer noopener\" aria-label=\" El Figueres celebra medalles, m\u00ednimes, i la representaci\u00f3 al Multidisability (s'obre en una nova pestanya)\" href=\"https:\/\/www.cnfigueres.cat\/wp-content\/uploads\/2020\/03\/hn-25-febrer.jpg\" target=\"_blank\"> El Figueres celebra medalles, m\u00ednimes, i la representaci\u00f3 al Multidisability<\/a><\/p>\n\n\n\n<hr class=\"wp-block-separator\"\/>\n\n\n\n<p>3\/02\/2020                      Empord\u00e0              <a href=\"https:\/\/www.cnfigueres.cat\/wp-content\/uploads\/2020\/04\/3-MAR\u00c7-2020-EMPORD\u00c0-JALEV.jpg\" target=\"_blank\" rel=\"noreferrer noopener\" aria-label=\"Bona actuaci\u00f3 del CN Figueres en la cinquena jornada (s'obre en una nova pestanya)\">Bona actuaci\u00f3 del CN Figueres en la cinquena jornada<\/a><\/p>\n\n\n\n<hr class=\"wp-block-separator\"\/>\n\n\n\n<p>3\/02\/2020                      Hora Nova           <a href=\"https:\/\/www.cnfigueres.cat\/wp-content\/uploads\/2020\/04\/3-MAR\u00c7-2020-HN-JALEV.jpg\" target=\"_blank\" rel=\"noreferrer noopener\" aria-label=\"Millors marques del Figueres i el Gen a la cinquena jornada de lliga alevina (s'obre en una nova pestanya)\">Millors marques del Figueres i el Gen a la cinquena jornada de lliga alevina<\/a><\/p>\n\n\n\n<hr class=\"wp-block-separator\"\/>\n\n\n\n<p>10\/03\/2020                Hora Nova             <a rel=\"noreferrer noopener\" aria-label=\" El Figueres es prepara per l'estatal      (s'obre en una nova pestanya)\" href=\"https:\/\/www.cnfigueres.cat\/wp-content\/uploads\/2020\/03\/20200310_141709-scaled.jpg\" target=\"_blank\">El Figueres es prepara per l&#8217;estatal<\/a><\/p>\n\n\n\n<hr class=\"wp-block-separator\"\/>\n\n\n\n<p>10\/03\/2020                Empord\u00e0                 <a rel=\"noreferrer noopener\" aria-label=\" (s'obre en una nova pestanya)\" href=\"https:\/\/www.cnfigueres.cat\/wp-content\/uploads\/2020\/03\/20200310_141642-1-scaled.jpg\" target=\"_blank\">Membres del Figueres al Campionat d&#8217;Espanya Infantil                <\/a><\/p>\n\n\n\n<p><\/p>\n\n\n\n<figure class=\"wp-block-gallery columns-0 is-cropped wp-block-gallery-1 is-layout-flex wp-block-gallery-is-layout-flex\"><ul class=\"blocks-gallery-grid\"><\/ul><\/figure>\n\n\n","protected":false},"excerpt":{"rendered":"<p>TEMPORADA 2019\/2020: Aquesta temporada tamb\u00e9 podreu escoltar en directe la cr\u00f2nica de les competicions de cada cap de setmana, cada dilluns al programa Fem Campana&hellip;<\/p>\n","protected":false},"author":2,"featured_media":0,"parent":0,"menu_order":0,"comment_status":"closed","ping_status":"closed","template":"","meta":{"footnotes":""},"class_list":["post-3288","page","type-page","status-publish","hentry"],"_links":{"self":[{"href":"https:\/\/www.cnfigueres.cat\/index.php\/wp-json\/wp\/v2\/pages\/3288","targetHints":{"allow":["GET"]}}],"collection":[{"href":"https:\/\/www.cnfigueres.cat\/index.php\/wp-json\/wp\/v2\/pages"}],"about":[{"href":"https:\/\/www.cnfigueres.cat\/index.php\/wp-json\/wp\/v2\/types\/page"}],"author":[{"embeddable":true,"href":"https:\/\/www.cnfigueres.cat\/index.php\/wp-json\/wp\/v2\/users\/2"}],"replies":[{"embeddable":true,"href":"https:\/\/www.cnfigueres.cat\/index.php\/wp-json\/wp\/v2\/comments?post=3288"}],"version-history":[{"count":98,"href":"https:\/\/www.cnfigueres.cat\/index.php\/wp-json\/wp\/v2\/pages\/3288\/revisions"}],"predecessor-version":[{"id":3879,"href":"https:\/\/www.cnfigueres.cat\/index.php\/wp-json\/wp\/v2\/pages\/3288\/revisions\/3879"}],"wp:attachment":[{"href":"https:\/\/www.cnfigueres.cat\/index.php\/wp-json\/wp\/v2\/media?parent=3288"}],"curies":[{"name":"wp","href":"https:\/\/api.w.org\/{rel}","templated":true}]}}